{"id":1205,"date":"2018-06-20T14:02:59","date_gmt":"2018-06-20T12:02:59","guid":{"rendered":"https:\/\/www.rectoralareas.com\/casa-completa\/"},"modified":"2018-06-20T16:17:01","modified_gmt":"2018-06-20T14:17:01","slug":"casa-completa","status":"publish","type":"page","link":"https:\/\/www.rectoralareas.com\/gl\/casa-completa\/","title":{"rendered":"Casa completa"},"content":{"rendered":"<div class=\"fusion-fullwidth fullwidth-box fusion-builder-row-1 alojamientos-row nonhundred-percent-fullwidth non-hundred-percent-height-scrolling\" style=\"--awb-border-radius-top-left:0px;--awb-border-radius-top-right:0px;--awb-border-radius-bottom-right:0px;--awb-border-radius-bottom-left:0px;--awb-margin-top:15px;--awb-margin-bottom:15px;--awb-flex-wrap:wrap;\" ><div class=\"fusion-builder-row fusion-row\"><div class=\"fusion-layout-column fusion_builder_column fusion-builder-column-0 fusion_builder_column_1_1 1_1 fusion-one-full fusion-column-first fusion-column-last\" style=\"--awb-bg-size:cover;\"><div class=\"fusion-column-wrapper fusion-flex-column-wrapper-legacy\"><div class=\"fusion-text fusion-text-1\"><h2 style=\"text-align: center;\">Ideal para familias e grupos. Ata 19 persoas.<\/h2>\n<\/div><div class=\"fusion-text fusion-text-2 rectoral-texto-justificado\"><p>Conta con <strong>8 cuartos<\/strong> con distintos formatos de camas dobres e triplos, todas con ba\u00f1o individual, d\u00faas amplas salas (unha delas con <strong>cheminea de le\u00f1<\/strong>a), <strong>coci\u00f1a totalmente equipada<\/strong>.<\/p>\n<p>No exterior disp\u00f3n dunha ampla terraza e unha zona axardinada e arborizada de m\u00e1is de 3.500 m2 que fai as veces de <strong>aparcadoiro<\/strong>.<\/p>\n<\/div><div class=\"fusion-builder-row fusion-builder-row-inner fusion-row\"><div class=\"fusion-layout-column fusion_builder_column_inner fusion-builder-nested-column-0 fusion_builder_column_inner_1_5 1_5 fusion-one-fifth fusion-column-first\" style=\"--awb-bg-size:cover;width:20%;width:calc(20% - ( ( 4% + 4% + 4% + 4% ) * 0.2 ) );margin-right: 4%;\"><div class=\"fusion-column-wrapper fusion-flex-column-wrapper-legacy\"><div class=\"fusion-clearfix\"><\/div><\/div><\/div><div class=\"fusion-layout-column fusion_builder_column_inner fusion-builder-nested-column-1 fusion_builder_column_inner_1_5 1_5 fusion-one-fifth\" style=\"--awb-bg-size:cover;width:20%;width:calc(20% - ( ( 4% + 4% + 4% + 4% ) * 0.2 ) );margin-right: 4%;\"><div class=\"fusion-column-wrapper fusion-flex-column-wrapper-legacy\"><div class=\"fusion-image-element fusion-image-align-center in-legacy-container\" style=\"text-align:center;--awb-caption-title-font-family:var(--h2_typography-font-family);--awb-caption-title-font-weight:var(--h2_typography-font-weight);--awb-caption-title-font-style:var(--h2_typography-font-style);--awb-caption-title-size:var(--h2_typography-font-size);--awb-caption-title-transform:var(--h2_typography-text-transform);--awb-caption-title-line-height:var(--h2_typography-line-height);--awb-caption-title-letter-spacing:var(--h2_typography-letter-spacing);\"><div class=\"imageframe-align-center\"><span class=\" fusion-imageframe imageframe-none imageframe-1 hover-type-none\"><img decoding=\"async\" width=\"70\" height=\"45\" alt=\"Grupos\" title=\"Grupo\" src=\"http:\/\/www.rectoralareas.com\/wp-content\/uploads\/2018\/05\/group_h-80-e1525856975395.png\" class=\"img-responsive wp-image-1542\"\/><\/span><\/div><\/div><div class=\"fusion-text fusion-text-3 alojamientos-subtexto\"><p style=\"text-align: center;\">19 persoas<\/p>\n<\/div><div class=\"fusion-clearfix\"><\/div><\/div><\/div><div class=\"fusion-layout-column fusion_builder_column_inner fusion-builder-nested-column-2 fusion_builder_column_inner_1_5 1_5 fusion-one-fifth\" style=\"--awb-bg-size:cover;width:20%;width:calc(20% - ( ( 4% + 4% + 4% + 4% ) * 0.2 ) );margin-right: 4%;\"><div class=\"fusion-column-wrapper fusion-flex-column-wrapper-legacy\"><div class=\"fusion-image-element fusion-image-align-center in-legacy-container\" style=\"text-align:center;--awb-caption-title-font-family:var(--h2_typography-font-family);--awb-caption-title-font-weight:var(--h2_typography-font-weight);--awb-caption-title-font-style:var(--h2_typography-font-style);--awb-caption-title-size:var(--h2_typography-font-size);--awb-caption-title-transform:var(--h2_typography-text-transform);--awb-caption-title-line-height:var(--h2_typography-line-height);--awb-caption-title-letter-spacing:var(--h2_typography-letter-spacing);\"><div class=\"imageframe-align-center\"><span class=\" fusion-imageframe imageframe-none imageframe-2 hover-type-none\"><img decoding=\"async\" width=\"41\" height=\"46\" alt=\"Grupos\" title=\"Cama matrimonio\" src=\"http:\/\/www.rectoralareas.com\/wp-content\/uploads\/2018\/05\/bed_h-80-e1525857002272.png\" class=\"img-responsive wp-image-1540\"\/><\/span><\/div><\/div><div class=\"fusion-text fusion-text-4 alojamientos-subtexto\"><p style=\"text-align: center;\">5 dobres<\/p>\n<\/div><div class=\"fusion-clearfix\"><\/div><\/div><\/div><div class=\"fusion-layout-column fusion_builder_column_inner fusion-builder-nested-column-3 fusion_builder_column_inner_1_5 1_5 fusion-one-fifth\" style=\"--awb-bg-size:cover;width:20%;width:calc(20% - ( ( 4% + 4% + 4% + 4% ) * 0.2 ) );margin-right: 4%;\"><div class=\"fusion-column-wrapper fusion-flex-column-wrapper-legacy\"><div class=\"fusion-image-element fusion-image-align-center in-legacy-container\" style=\"text-align:center;--awb-caption-title-font-family:var(--h2_typography-font-family);--awb-caption-title-font-weight:var(--h2_typography-font-weight);--awb-caption-title-font-style:var(--h2_typography-font-style);--awb-caption-title-size:var(--h2_typography-font-size);--awb-caption-title-transform:var(--h2_typography-text-transform);--awb-caption-title-line-height:var(--h2_typography-line-height);--awb-caption-title-letter-spacing:var(--h2_typography-letter-spacing);\"><div class=\"imageframe-align-center\"><span class=\" fusion-imageframe imageframe-none imageframe-3 hover-type-none\"><img decoding=\"async\" width=\"29\" height=\"45\" alt=\"Grupos\" title=\"Cama individual\" src=\"http:\/\/www.rectoralareas.com\/wp-content\/uploads\/2018\/05\/single-bed_h-80-e1525856993359.png\" class=\"img-responsive wp-image-1544\"\/><\/span><\/div><\/div><div class=\"fusion-text fusion-text-5 alojamientos-subtexto\"><p style=\"text-align: center;\">9 individuais<\/p>\n<\/div><div class=\"fusion-clearfix\"><\/div><\/div><\/div><div class=\"fusion-layout-column fusion_builder_column_inner fusion-builder-nested-column-4 fusion_builder_column_inner_1_5 1_5 fusion-one-fifth fusion-column-last\" style=\"--awb-bg-size:cover;width:20%;width:calc(20% - ( ( 4% + 4% + 4% + 4% ) * 0.2 ) );\"><div class=\"fusion-column-wrapper fusion-flex-column-wrapper-legacy\"><div class=\"fusion-clearfix\"><\/div><\/div><\/div><\/div><div class=\"fusion-builder-row fusion-builder-row-inner fusion-row\"><div class=\"fusion-layout-column fusion_builder_column_inner fusion-builder-nested-column-5 fusion_builder_column_inner_1_2 1_2 fusion-one-half fusion-column-first alojamientos-fotos\" style=\"--awb-bg-size:cover;width:50%;width:calc(50% - ( ( 4% ) * 0.5 ) );margin-right: 4%;\"><div class=\"fusion-column-wrapper fusion-flex-column-wrapper-legacy\"><div class=\"fusion-image-carousel fusion-image-carousel-auto fusion-image-carousel-1 lightbox-enabled alojamientos-fotos\"><div class=\"awb-carousel awb-swiper awb-swiper-carousel\" data-autoplay=\"no\" data-columns=\"1\" data-itemmargin=\"0\" data-itemwidth=\"180\" data-touchscroll=\"no\" data-imagesize=\"auto\" style=\"--awb-columns:1;--awb-column-spacing:0px;\"><div class=\"swiper-wrapper awb-image-carousel-wrapper fusion-flex-align-items-center\"><div class=\"swiper-slide\"><div class=\"fusion-carousel-item-wrapper\"><div class=\"fusion-image-wrapper hover-type-zoomin\"><a data-rel=\"iLightbox[image_carousel_1]\" data-caption=\"Rectoral de Areas - Terraza principal\" data-title=\"Rectoral de Areas &#8211; Terraza principal\" aria-label=\"Rectoral de Areas &#8211; Terraza principal\" href=\"http:\/\/www.rectoralareas.com\/wp-content\/uploads\/2018\/05\/terraza_principal-1200x800.jpg\" target=\"_self\"><img decoding=\"async\" width=\"1620\" height=\"1080\" src=\"https:\/\/www.rectoralareas.com\/wp-content\/uploads\/2018\/05\/terraza_principal.jpg\" class=\"attachment-full size-full\" alt=\"Casa completa\" srcset=\"https:\/\/www.rectoralareas.com\/wp-content\/uploads\/2018\/05\/terraza_principal-200x133.jpg 200w, https:\/\/www.rectoralareas.com\/wp-content\/uploads\/2018\/05\/terraza_principal-300x200.jpg 300w, https:\/\/www.rectoralareas.com\/wp-content\/uploads\/2018\/05\/terraza_principal-400x267.jpg 400w, https:\/\/www.rectoralareas.com\/wp-content\/uploads\/2018\/05\/terraza_principal-600x400.jpg 600w, https:\/\/www.rectoralareas.com\/wp-content\/uploads\/2018\/05\/terraza_principal-768x512.jpg 768w, https:\/\/www.rectoralareas.com\/wp-content\/uploads\/2018\/05\/terraza_principal-800x533.jpg 800w, https:\/\/www.rectoralareas.com\/wp-content\/uploads\/2018\/05\/terraza_principal-1024x683.jpg 1024w, https:\/\/www.rectoralareas.com\/wp-content\/uploads\/2018\/05\/terraza_principal-1200x800.jpg 1200w, https:\/\/www.rectoralareas.com\/wp-content\/uploads\/2018\/05\/terraza_principal.jpg 1620w\" sizes=\"(max-width: 1620px) 100vw, 1620px\" \/><\/a><\/div><\/div><\/div><div class=\"swiper-slide\"><div class=\"fusion-carousel-item-wrapper\"><div class=\"fusion-image-wrapper hover-type-zoomin\"><a data-rel=\"iLightbox[image_carousel_1]\" data-caption=\"Casa Rectoral de Areas\" data-title=\"Casa Rectoral de Areas\" aria-label=\"Casa Rectoral de Areas\" href=\"http:\/\/www.rectoralareas.com\/wp-content\/uploads\/2018\/05\/casa-completa_2.jpg\" target=\"_self\"><img decoding=\"async\" width=\"1024\" height=\"680\" src=\"https:\/\/www.rectoralareas.com\/wp-content\/uploads\/2018\/05\/casa-completa_2.jpg\" class=\"attachment-full size-full\" alt=\"Casa completa\" srcset=\"https:\/\/www.rectoralareas.com\/wp-content\/uploads\/2018\/05\/casa-completa_2-200x133.jpg 200w, https:\/\/www.rectoralareas.com\/wp-content\/uploads\/2018\/05\/casa-completa_2-300x199.jpg 300w, https:\/\/www.rectoralareas.com\/wp-content\/uploads\/2018\/05\/casa-completa_2-400x266.jpg 400w, https:\/\/www.rectoralareas.com\/wp-content\/uploads\/2018\/05\/casa-completa_2-600x398.jpg 600w, https:\/\/www.rectoralareas.com\/wp-content\/uploads\/2018\/05\/casa-completa_2-768x510.jpg 768w, https:\/\/www.rectoralareas.com\/wp-content\/uploads\/2018\/05\/casa-completa_2-800x531.jpg 800w, https:\/\/www.rectoralareas.com\/wp-content\/uploads\/2018\/05\/casa-completa_2.jpg 1024w\" sizes=\"(max-width: 1024px) 100vw, 1024px\" \/><\/a><\/div><\/div><\/div><div class=\"swiper-slide\"><div class=\"fusion-carousel-item-wrapper\"><div class=\"fusion-image-wrapper hover-type-zoomin\"><a data-rel=\"iLightbox[image_carousel_1]\" data-caption=\"Rectoral Panor\u00e1mica\" data-title=\"Rectoral Panor\u00e1mica\" aria-label=\"Rectoral Panor\u00e1mica\" href=\"http:\/\/www.rectoralareas.com\/wp-content\/uploads\/2018\/05\/panoramica_total-1200x611.jpg\" target=\"_self\"><img decoding=\"async\" width=\"1920\" height=\"978\" src=\"https:\/\/www.rectoralareas.com\/wp-content\/uploads\/2018\/05\/panoramica_total.jpg\" class=\"attachment-full size-full\" alt=\"Casa completa\" srcset=\"https:\/\/www.rectoralareas.com\/wp-content\/uploads\/2018\/05\/panoramica_total-200x102.jpg 200w, https:\/\/www.rectoralareas.com\/wp-content\/uploads\/2018\/05\/panoramica_total-300x153.jpg 300w, https:\/\/www.rectoralareas.com\/wp-content\/uploads\/2018\/05\/panoramica_total-400x204.jpg 400w, https:\/\/www.rectoralareas.com\/wp-content\/uploads\/2018\/05\/panoramica_total-600x306.jpg 600w, https:\/\/www.rectoralareas.com\/wp-content\/uploads\/2018\/05\/panoramica_total-768x391.jpg 768w, https:\/\/www.rectoralareas.com\/wp-content\/uploads\/2018\/05\/panoramica_total-800x408.jpg 800w, https:\/\/www.rectoralareas.com\/wp-content\/uploads\/2018\/05\/panoramica_total-1024x522.jpg 1024w, https:\/\/www.rectoralareas.com\/wp-content\/uploads\/2018\/05\/panoramica_total-1200x611.jpg 1200w, https:\/\/www.rectoralareas.com\/wp-content\/uploads\/2018\/05\/panoramica_total.jpg 1920w\" sizes=\"(max-width: 1920px) 100vw, 1920px\" \/><\/a><\/div><\/div><\/div><div class=\"swiper-slide\"><div class=\"fusion-carousel-item-wrapper\"><div class=\"fusion-image-wrapper hover-type-zoomin\"><a data-rel=\"iLightbox[image_carousel_1]\" data-caption=\"Rectoral de Areas - Fachada parcial\" data-title=\"Rectoral de Areas &#8211; Fachada parcial\" aria-label=\"Rectoral de Areas &#8211; Fachada parcial\" href=\"http:\/\/www.rectoralareas.com\/wp-content\/uploads\/2018\/05\/fachada_parcial-1200x1031.jpg\" target=\"_self\"><img decoding=\"async\" width=\"1257\" height=\"1080\" src=\"https:\/\/www.rectoralareas.com\/wp-content\/uploads\/2018\/05\/fachada_parcial.jpg\" class=\"attachment-full size-full\" alt=\"Casa completa\" srcset=\"https:\/\/www.rectoralareas.com\/wp-content\/uploads\/2018\/05\/fachada_parcial-200x172.jpg 200w, https:\/\/www.rectoralareas.com\/wp-content\/uploads\/2018\/05\/fachada_parcial-300x258.jpg 300w, https:\/\/www.rectoralareas.com\/wp-content\/uploads\/2018\/05\/fachada_parcial-400x344.jpg 400w, https:\/\/www.rectoralareas.com\/wp-content\/uploads\/2018\/05\/fachada_parcial-600x516.jpg 600w, https:\/\/www.rectoralareas.com\/wp-content\/uploads\/2018\/05\/fachada_parcial-768x660.jpg 768w, https:\/\/www.rectoralareas.com\/wp-content\/uploads\/2018\/05\/fachada_parcial-800x687.jpg 800w, https:\/\/www.rectoralareas.com\/wp-content\/uploads\/2018\/05\/fachada_parcial-1024x880.jpg 1024w, https:\/\/www.rectoralareas.com\/wp-content\/uploads\/2018\/05\/fachada_parcial-1200x1031.jpg 1200w, https:\/\/www.rectoralareas.com\/wp-content\/uploads\/2018\/05\/fachada_parcial.jpg 1257w\" sizes=\"(max-width: 1257px) 100vw, 1257px\" \/><\/a><\/div><\/div><\/div><div class=\"swiper-slide\"><div class=\"fusion-carousel-item-wrapper\"><div class=\"fusion-image-wrapper hover-type-zoomin\"><a data-rel=\"iLightbox[image_carousel_1]\" data-caption=\"Rectoral de Areas Exterior\" data-title=\"Rectoral de Areas Exterior\" aria-label=\"Rectoral de Areas Exterior\" href=\"http:\/\/www.rectoralareas.com\/wp-content\/uploads\/2018\/03\/exterior_24-1024x768.jpg\" target=\"_self\"><img decoding=\"async\" width=\"1440\" height=\"1080\" src=\"https:\/\/www.rectoralareas.com\/wp-content\/uploads\/2018\/03\/exterior_24.jpg\" class=\"attachment-full size-full\" alt=\"Casa completa\" srcset=\"https:\/\/www.rectoralareas.com\/wp-content\/uploads\/2018\/03\/exterior_24-200x150.jpg 200w, https:\/\/www.rectoralareas.com\/wp-content\/uploads\/2018\/03\/exterior_24-300x225.jpg 300w, https:\/\/www.rectoralareas.com\/wp-content\/uploads\/2018\/03\/exterior_24-400x300.jpg 400w, https:\/\/www.rectoralareas.com\/wp-content\/uploads\/2018\/03\/exterior_24-600x450.jpg 600w, https:\/\/www.rectoralareas.com\/wp-content\/uploads\/2018\/03\/exterior_24-768x576.jpg 768w, https:\/\/www.rectoralareas.com\/wp-content\/uploads\/2018\/03\/exterior_24-800x600.jpg 800w, https:\/\/www.rectoralareas.com\/wp-content\/uploads\/2018\/03\/exterior_24-1024x768.jpg 1024w, https:\/\/www.rectoralareas.com\/wp-content\/uploads\/2018\/03\/exterior_24-1200x900.jpg 1200w, https:\/\/www.rectoralareas.com\/wp-content\/uploads\/2018\/03\/exterior_24.jpg 1440w\" sizes=\"(max-width: 1440px) 100vw, 1440px\" \/><\/a><\/div><\/div><\/div><div class=\"swiper-slide\"><div class=\"fusion-carousel-item-wrapper\"><div class=\"fusion-image-wrapper hover-type-zoomin\"><a data-rel=\"iLightbox[image_carousel_1]\" data-caption=\"Rectoral de Areas \u00e1rbol exterior\" data-title=\"Rectoral de Areas \u00e1rbol exterior\" aria-label=\"Rectoral de Areas \u00e1rbol exterior\" href=\"http:\/\/www.rectoralareas.com\/wp-content\/uploads\/2018\/03\/exterior_10-1024x680.jpg\" target=\"_self\"><img decoding=\"async\" width=\"1626\" height=\"1080\" src=\"https:\/\/www.rectoralareas.com\/wp-content\/uploads\/2018\/03\/exterior_10.jpg\" class=\"attachment-full size-full\" alt=\"Casa completa\" srcset=\"https:\/\/www.rectoralareas.com\/wp-content\/uploads\/2018\/03\/exterior_10-200x133.jpg 200w, https:\/\/www.rectoralareas.com\/wp-content\/uploads\/2018\/03\/exterior_10-300x199.jpg 300w, https:\/\/www.rectoralareas.com\/wp-content\/uploads\/2018\/03\/exterior_10-400x266.jpg 400w, https:\/\/www.rectoralareas.com\/wp-content\/uploads\/2018\/03\/exterior_10-600x399.jpg 600w, https:\/\/www.rectoralareas.com\/wp-content\/uploads\/2018\/03\/exterior_10-768x510.jpg 768w, https:\/\/www.rectoralareas.com\/wp-content\/uploads\/2018\/03\/exterior_10-800x531.jpg 800w, https:\/\/www.rectoralareas.com\/wp-content\/uploads\/2018\/03\/exterior_10-1024x680.jpg 1024w, https:\/\/www.rectoralareas.com\/wp-content\/uploads\/2018\/03\/exterior_10-1200x797.jpg 1200w, https:\/\/www.rectoralareas.com\/wp-content\/uploads\/2018\/03\/exterior_10.jpg 1626w\" sizes=\"(max-width: 1626px) 100vw, 1626px\" \/><\/a><\/div><\/div><\/div><div class=\"swiper-slide\"><div class=\"fusion-carousel-item-wrapper\"><div class=\"fusion-image-wrapper hover-type-zoomin\"><a data-rel=\"iLightbox[image_carousel_1]\" data-caption=\"Rectoral completa\" data-title=\"Rectoral completa\" aria-label=\"Rectoral completa\" href=\"http:\/\/www.rectoralareas.com\/wp-content\/uploads\/2018\/05\/panoramica_finca_completa_-1200x800.jpg\" target=\"_self\"><img decoding=\"async\" width=\"1620\" height=\"1080\" src=\"https:\/\/www.rectoralareas.com\/wp-content\/uploads\/2018\/05\/panoramica_finca_completa_.jpg\" class=\"attachment-full size-full\" alt=\"Casa completa\" srcset=\"https:\/\/www.rectoralareas.com\/wp-content\/uploads\/2018\/05\/panoramica_finca_completa_-200x133.jpg 200w, https:\/\/www.rectoralareas.com\/wp-content\/uploads\/2018\/05\/panoramica_finca_completa_-300x200.jpg 300w, https:\/\/www.rectoralareas.com\/wp-content\/uploads\/2018\/05\/panoramica_finca_completa_-400x267.jpg 400w, https:\/\/www.rectoralareas.com\/wp-content\/uploads\/2018\/05\/panoramica_finca_completa_-600x400.jpg 600w, https:\/\/www.rectoralareas.com\/wp-content\/uploads\/2018\/05\/panoramica_finca_completa_-768x512.jpg 768w, https:\/\/www.rectoralareas.com\/wp-content\/uploads\/2018\/05\/panoramica_finca_completa_-800x533.jpg 800w, https:\/\/www.rectoralareas.com\/wp-content\/uploads\/2018\/05\/panoramica_finca_completa_-1024x683.jpg 1024w, https:\/\/www.rectoralareas.com\/wp-content\/uploads\/2018\/05\/panoramica_finca_completa_-1200x800.jpg 1200w, https:\/\/www.rectoralareas.com\/wp-content\/uploads\/2018\/05\/panoramica_finca_completa_.jpg 1620w\" sizes=\"(max-width: 1620px) 100vw, 1620px\" \/><\/a><\/div><\/div><\/div><\/div><div class=\"awb-swiper-button awb-swiper-button-prev\"><i class=\"awb-icon-angle-left\" aria-hidden=\"true\"><\/i><\/div><div class=\"awb-swiper-button awb-swiper-button-next\"><i class=\"awb-icon-angle-right\" aria-hidden=\"true\"><\/i><\/div><\/div><\/div><div class=\"fusion-clearfix\"><\/div><\/div><\/div><div class=\"fusion-layout-column fusion_builder_column_inner fusion-builder-nested-column-6 fusion_builder_column_inner_1_2 1_2 fusion-one-half fusion-column-last alojamientos-caracteristicas\" style=\"--awb-bg-size:cover;width:50%;width:calc(50% - ( ( 4% ) * 0.5 ) );\"><div class=\"fusion-column-wrapper fusion-flex-column-wrapper-legacy\"><div class=\"fusion-tabs fusion-tabs-1 classic nav-is-justified horizontal-tabs icon-position-left mobile-mode-accordion\" style=\"--awb-title-border-radius-top-left:0px;--awb-title-border-radius-top-right:0px;--awb-title-border-radius-bottom-right:0px;--awb-title-border-radius-bottom-left:0px;--awb-inactive-color:rgba(137,181,125,0.37);--awb-background-color:#ffffff;--awb-border-color:#ebeaea;--awb-active-border-color:#6b8e4b;\"><div class=\"nav\"><ul class=\"nav-tabs nav-justified\" role=\"tablist\"><li class=\"active\" role=\"presentation\"><a class=\"tab-link\" data-toggle=\"tab\" role=\"tab\" aria-controls=\"tab-f7806affb52edb04cad\" aria-selected=\"true\" id=\"fusion-tab-caracter\u00edsticas\" href=\"#tab-f7806affb52edb04cad\"><h4 class=\"fusion-tab-heading\">Caracter\u00edsticas<\/h4><\/a><\/li><li role=\"presentation\"><a class=\"tab-link\" data-toggle=\"tab\" role=\"tab\" aria-controls=\"tab-1499c59675f4de4cee3\" aria-selected=\"false\" tabindex=\"-1\" id=\"fusion-tab-servizos\" href=\"#tab-1499c59675f4de4cee3\"><h4 class=\"fusion-tab-heading\">Servizos<\/h4><\/a><\/li><\/ul><\/div><div class=\"tab-content\"><div class=\"nav fusion-mobile-tab-nav\"><ul class=\"nav-tabs nav-justified\" role=\"tablist\"><li class=\"active\" role=\"presentation\"><a class=\"tab-link\" data-toggle=\"tab\" role=\"tab\" aria-controls=\"tab-f7806affb52edb04cad\" aria-selected=\"true\" id=\"mobile-fusion-tab-caracter\u00edsticas\" href=\"#tab-f7806affb52edb04cad\"><h4 class=\"fusion-tab-heading\">Caracter\u00edsticas<\/h4><\/a><\/li><\/ul><\/div><div class=\"tab-pane fade fusion-clearfix in active\" role=\"tabpanel\" tabindex=\"0\" aria-labelledby=\"fusion-tab-caracter\u00edsticas\" id=\"tab-f7806affb52edb04cad\">\n<p><strong>N\u00ba ba\u00f1os:<\/strong> 8<\/p>\n<p><strong>Interior:<\/strong> 5 cuartos dobres con ba\u00f1o individual, 3 cuartos triplos (con ba\u00f1o individual), 2 sala- comedor, coci\u00f1a.<\/p>\n<p><strong>Exterior:<\/strong> Barbacoa, Xard\u00edn, Mobles de xard\u00edn, Terraza, Zona de aparcadoiro.<\/p>\n<\/div><div class=\"nav fusion-mobile-tab-nav\"><ul class=\"nav-tabs nav-justified\" role=\"tablist\"><li role=\"presentation\"><a class=\"tab-link\" data-toggle=\"tab\" role=\"tab\" aria-controls=\"tab-1499c59675f4de4cee3\" aria-selected=\"false\" tabindex=\"-1\" id=\"mobile-fusion-tab-servizos\" href=\"#tab-1499c59675f4de4cee3\"><h4 class=\"fusion-tab-heading\">Servizos<\/h4><\/a><\/li><\/ul><\/div><div class=\"tab-pane fade fusion-clearfix\" role=\"tabpanel\" tabindex=\"0\" aria-labelledby=\"fusion-tab-servizos\" id=\"tab-1499c59675f4de4cee3\"><strong>Servizos:<\/strong> Sala-comedor con cheminea de le\u00f1a, cuartos con Tv-SmartTV, Wifi, coci\u00f1a totalmente equipada, cafeteira, lavalouzas, prancha, lavadora, secador de pelo, lenzar\u00eda de ba\u00f1os e camas, berce de viaxe, artigos b\u00e1sicos de aseo, calefacci\u00f3n.<\/div><\/div><\/div><div class=\"fusion-clearfix\"><\/div><\/div><\/div><\/div><div class=\"fusion-aligncenter\"><a class=\"fusion-button button-flat button-xlarge button-default fusion-button-default button-1 fusion-button-default-span fusion-button-default-type fusion-animated alojamientos-boton-reservar boton-reservar\" style=\"--button_text_transform:uppercase;\" data-animationType=\"fadeIn\" data-animationDuration=\"0.3\" data-animationOffset=\"top-into-view\" target=\"_self\" title=\"Reservar\" aria-label=\"Reservar\" href=\"https:\/\/www.rectoralareas.com\/gl\/reservas\/\"><span class=\"fusion-button-text\">Reservar<\/span><\/a><\/div><div class=\"fusion-text fusion-text-6 alojamientos-nota nota-casa-completa\"><p style=\"text-align: center;\"><em>En calquera dos formatos en que se alugue, \u00e9 posible, e sempre suxeito a disponibilidade, instalar <strong>cama supletoria<\/strong>.<\/em><\/p>\n<\/div><div class=\"fusion-clearfix\"><\/div><\/div><\/div><\/div><\/div>\n","protected":false},"excerpt":{"rendered":"","protected":false},"author":1,"featured_media":0,"parent":0,"menu_order":0,"comment_status":"closed","ping_status":"closed","template":"","meta":{"footnotes":""},"class_list":["post-1205","page","type-page","status-publish","hentry"],"_links":{"self":[{"href":"https:\/\/www.rectoralareas.com\/gl\/wp-json\/wp\/v2\/pages\/1205"}],"collection":[{"href":"https:\/\/www.rectoralareas.com\/gl\/wp-json\/wp\/v2\/pages"}],"about":[{"href":"https:\/\/www.rectoralareas.com\/gl\/wp-json\/wp\/v2\/types\/page"}],"author":[{"embeddable":true,"href":"https:\/\/www.rectoralareas.com\/gl\/wp-json\/wp\/v2\/users\/1"}],"replies":[{"embeddable":true,"href":"https:\/\/www.rectoralareas.com\/gl\/wp-json\/wp\/v2\/comments?post=1205"}],"version-history":[{"count":18,"href":"https:\/\/www.rectoralareas.com\/gl\/wp-json\/wp\/v2\/pages\/1205\/revisions"}],"predecessor-version":[{"id":1242,"href":"https:\/\/www.rectoralareas.com\/gl\/wp-json\/wp\/v2\/pages\/1205\/revisions\/1242"}],"wp:attachment":[{"href":"https:\/\/www.rectoralareas.com\/gl\/wp-json\/wp\/v2\/media?parent=1205"}],"curies":[{"name":"wp","href":"https:\/\/api.w.org\/{rel}","templated":true}]}}