{"id":1224,"date":"2018-06-20T15:12:47","date_gmt":"2018-06-20T13:12:47","guid":{"rendered":"https:\/\/www.rectoralareas.com\/contacto\/"},"modified":"2019-01-04T19:52:22","modified_gmt":"2019-01-04T17:52:22","slug":"contacto","status":"publish","type":"page","link":"https:\/\/www.rectoralareas.com\/gl\/contacto\/","title":{"rendered":"Contacto"},"content":{"rendered":"<div class=\"fusion-fullwidth fullwidth-box fusion-builder-row-1 nonhundred-percent-fullwidth non-hundred-percent-height-scrolling\" style=\"--awb-border-radius-top-left:0px;--awb-border-radius-top-right:0px;--awb-border-radius-bottom-right:0px;--awb-border-radius-bottom-left:0px;--awb-flex-wrap:wrap;\" ><div class=\"fusion-builder-row fusion-row\"><div class=\"fusion-layout-column fusion_builder_column fusion-builder-column-0 fusion_builder_column_1_2 1_2 fusion-one-half fusion-column-first\" style=\"--awb-bg-size:cover;width:50%;width:calc(50% - ( ( 4% ) * 0.5 ) );margin-right: 4%;\"><div class=\"fusion-column-wrapper fusion-flex-column-wrapper-legacy\"><div class=\"fusion-title title fusion-title-1 fusion-title-text fusion-title-size-two\"><h2 class=\"fusion-title-heading title-heading-left\" style=\"margin:0;\">\u00a1Contacte connosco!<\/h2><span class=\"awb-title-spacer\"><\/span><div class=\"title-sep-container\"><div class=\"title-sep sep-double sep-solid\" style=\"border-color:#e0dede;\"><\/div><\/div><\/div>\n<div class=\"wpcf7 no-js\" id=\"wpcf7-f1132-o1\" lang=\"es-ES\" dir=\"ltr\">\n<div class=\"screen-reader-response\"><p role=\"status\" aria-live=\"polite\" aria-atomic=\"true\"><\/p> <ul><\/ul><\/div>\n<form action=\"\/gl\/wp-json\/wp\/v2\/pages\/1224#wpcf7-f1132-o1\" method=\"post\" class=\"wpcf7-form init\" aria-label=\"Formulario de contacto\" novalidate=\"novalidate\" data-status=\"init\">\n<div style=\"display: none;\">\n<input type=\"hidden\" name=\"_wpcf7\" value=\"1132\" \/>\n<input type=\"hidden\" name=\"_wpcf7_version\" value=\"5.9.8\" \/>\n<input type=\"hidden\" name=\"_wpcf7_locale\" value=\"es_ES\" \/>\n<input type=\"hidden\" name=\"_wpcf7_unit_tag\" value=\"wpcf7-f1132-o1\" \/>\n<input type=\"hidden\" name=\"_wpcf7_container_post\" value=\"0\" \/>\n<input type=\"hidden\" name=\"_wpcf7_posted_data_hash\" value=\"\" \/>\n<input type=\"hidden\" name=\"_wpcf7_recaptcha_response\" value=\"\" \/>\n<\/div>\n<p><label> Nome (obrigatorio)<br \/>\n<span class=\"wpcf7-form-control-wrap\" data-name=\"your-name\"><input size=\"40\" maxlength=\"400\" class=\"wpcf7-form-control wpcf7-text wpcf7-validates-as-required\" aria-required=\"true\" aria-invalid=\"false\" value=\"\" type=\"text\" name=\"your-name\" \/><\/span> <\/label>\n<\/p>\n<p><label> O teu correo electr\u00f3nico (obrigatorio)<br \/>\n<span class=\"wpcf7-form-control-wrap\" data-name=\"your-email\"><input size=\"40\" maxlength=\"400\" class=\"wpcf7-form-control wpcf7-email wpcf7-validates-as-required wpcf7-text wpcf7-validates-as-email\" aria-required=\"true\" aria-invalid=\"false\" value=\"\" type=\"email\" name=\"your-email\" \/><\/span> <\/label>\n<\/p>\n<p><label> O teu tel\u00e9fono<br \/>\n<span class=\"wpcf7-form-control-wrap\" data-name=\"your-phone\"><input size=\"40\" maxlength=\"400\" class=\"wpcf7-form-control wpcf7-tel wpcf7-text wpcf7-validates-as-tel\" aria-invalid=\"false\" value=\"\" type=\"tel\" name=\"your-phone\" \/><\/span> <\/label>\n<\/p>\n<p><label> Asunto<br \/>\n<span class=\"wpcf7-form-control-wrap\" data-name=\"your-subject\"><input size=\"40\" maxlength=\"400\" class=\"wpcf7-form-control wpcf7-text\" aria-invalid=\"false\" value=\"\" type=\"text\" name=\"your-subject\" \/><\/span> <\/label>\n<\/p>\n<p><label> Mensaxe<br \/>\n<span class=\"wpcf7-form-control-wrap\" data-name=\"your-message\"><textarea cols=\"40\" rows=\"10\" maxlength=\"2000\" class=\"wpcf7-form-control wpcf7-textarea\" aria-invalid=\"false\" name=\"your-message\"><\/textarea><\/span> <\/label>\n<\/p>\n<div id=\"lopd\" class=\"fr-ancho-100\">\n\t<p>En cumprimento do disposto no artigo 5 da Lei Org\u00e1nica 15\/1999, de 13 de decembro, de Protecci\u00f3n de Datos de Car\u00e1cter Persoal (LOPD), inform\u00e1moslles que os datos de car\u00e1cter persoal que nos proporcione enchendo o formulario de rexistro electr\u00f3nico que aparece nesta p\u00e1xina recolleranse nun ficheiro cuxo responsible \u00e9 Casa Rectoral de Areas.\n\t<\/p>\n\t<p>En virtude do disposto no artigo 15 e seguintes da LOPD e nos termos que indica o seu Regulamento de desenvolvemento aprobado por Real Decreto 1720\/2007, do 21 de decembro ( RLOPD), en calquera momento poder\u00e1 exercer os seus dereitos de acceso, rectificaci\u00f3n, cancelaci\u00f3n e oposici\u00f3n, dirix\u00edndose por escrito a Casa Rectoral de Areas - Adro 1 Areas, 36711 Tui, Pontevedra.\n\t<\/p>\n\t<p>Rog\u00e1moslle que comunique inmediatamente a Casa Rectoral de Areas calquera modificaci\u00f3n dos seus datos de car\u00e1cter persoal para que a informaci\u00f3n que conte\u00f1en os nosos ficheiros estea sempre actualizada e non conte\u00f1a erros.\n\t<\/p>\n\t<p>A recollida dos seus datos de car\u00e1cter persoal faise coa finalidade de transmitirlle publicidade de produtos e servizos e informaci\u00f3n de car\u00e1cter comercial de interese, sobre Casa Rectoral de Areas.\n\t<\/p>\n\t<p>Casa Rectoral de Areas comprom\u00e9tese a tratar dunha maneira absolutamente confidencial os seus datos de car\u00e1cter persoal, a non realizar cesi\u00f3ns a terceiros e a utilizalos s\u00f3 para as finalidades indicadas.\n\t<\/p>\n\t<p>As\u00ed mesmo inform\u00e1moslle que Casa Rectoral de Areas ten implantadas as medidas de seguridade de tipo t\u00e9cnico e organizativas necesarias para garantir a seguridade dos seus datos de car\u00e1cter persoal e evitar a alteraci\u00f3n, a perda e o tratamento e\/ou acceso non autorizado, tendo en conta o estado da tecnolox\u00eda, a natureza dos datos almacenados e os riscos a que est\u00e1n expostos, provenientes da acci\u00f3n humana ou do medio f\u00edsico e natural. Todo iso de conformidade co disposto na LOPD e na s\u00faa RLOPD.\n\t<\/p>\n<\/div>\n<p><span class=\"wpcf7-form-control-wrap\" data-name=\"aceptacion\"><span class=\"wpcf7-form-control wpcf7-checkbox wpcf7-validates-as-required\" id=\"aceptacion-lopd\"><span class=\"wpcf7-list-item first last\"><input type=\"checkbox\" name=\"aceptacion[]\" value=\"Lin e entend\u00edn a Pol\u00edtica de Privacidade aqu\u00ed exposta (*)\" \/><span class=\"wpcf7-list-item-label\">Lin e entend\u00edn a Pol\u00edtica de Privacidade aqu\u00ed exposta (*)<\/span><\/span><\/span><\/span><br \/>\n<div class=\"fusion-alert alert custom alert-custom fusion-alert-center wpcf7-response-output fusion-alert-capitalize awb-alert-native-link-color alert-dismissable awb-alert-close-boxed\" style=\"--awb-border-top-left-radius:0px;--awb-border-top-right-radius:0px;--awb-border-bottom-left-radius:0px;--awb-border-bottom-right-radius:0px;\" role=\"alert\"><div class=\"fusion-alert-content-wrapper\"><span class=\"fusion-alert-content\"><\/span><\/div><button type=\"button\" class=\"close toggle-alert\" data-dismiss=\"alert\" aria-label=\"Close\">&times;<\/button><\/div>\n<\/p>\n<p><input class=\"wpcf7-form-control wpcf7-submit has-spinner button\" type=\"submit\" value=\"Enviar\" \/>\n<\/p><input type='hidden' class='wpcf7-pum' value='{\"closepopup\":false,\"closedelay\":0,\"openpopup\":false,\"openpopup_id\":0}' \/>\n<\/form>\n<\/div>\n<div class=\"fusion-clearfix\"><\/div><\/div><\/div><div class=\"fusion-layout-column fusion_builder_column fusion-builder-column-1 fusion_builder_column_1_2 1_2 fusion-one-half fusion-column-last informacion-contacto\" style=\"--awb-bg-size:cover;width:50%;width:calc(50% - ( ( 4% ) * 0.5 ) );\"><div class=\"fusion-column-wrapper fusion-flex-column-wrapper-legacy\"><div class=\"fusion-title title fusion-title-2 fusion-title-text fusion-title-size-two\"><h2 class=\"fusion-title-heading title-heading-left\" style=\"margin:0;\">Informaci\u00f3n de contacto<\/h2><span class=\"awb-title-spacer\"><\/span><div class=\"title-sep-container\"><div class=\"title-sep sep-double sep-solid\" style=\"border-color:#e0dede;\"><\/div><\/div><\/div><i class=\"fa fontawesome-icon fa-map circle-yes\"><\/i>\u00a0<span class=\"datos-contacto\">Adro 1 Areas, 36711 Tui, Pontevedra<\/span><div class=\"fusion-builder-row fusion-builder-row-inner fusion-row\"><div class=\"fusion-layout-column fusion_builder_column_inner fusion-builder-nested-column-0 fusion_builder_column_inner_1_3 1_3 fusion-one-third fusion-column-first informacion-contacto-columna\" style=\"--awb-bg-size:cover;--awb-margin-bottom:0px;width:33.333333333333%;width:calc(33.333333333333% - ( ( 4% ) * 0.33333333333333 ) );margin-right: 4%;\"><div class=\"fusion-column-wrapper fusion-flex-column-wrapper-legacy\"><i class=\"fa fontawesome-icon fa-phone circle-yes\"><\/i>\u00a0<span class=\"datos-contacto\">+34 622 420 945<\/span><div class=\"fusion-clearfix\"><\/div><\/div><\/div><div class=\"fusion-layout-column fusion_builder_column_inner fusion-builder-nested-column-1 fusion_builder_column_inner_1_2 1_2 fusion-one-half fusion-column-last informacion-contacto-columna\" style=\"--awb-bg-size:cover;--awb-margin-bottom:0px;width:50%;width:calc(50% - ( ( 4% ) * 0.5 ) );\"><div class=\"fusion-column-wrapper fusion-flex-column-wrapper-legacy\"><i class=\"fa fontawesome-icon fa-envelope circle-yes\"><\/i>\u00a0<a class=\"datos-contacto\" href=\"mailto:info@rectoralareas.com\" target=\"_blank\" rel=\"noopener\">info@rectoralareas.com<\/a><div class=\"fusion-clearfix\"><\/div><\/div><\/div><\/div><div class=\"fusion-builder-row fusion-builder-row-inner fusion-row\"><div class=\"fusion-layout-column fusion_builder_column_inner fusion-builder-nested-column-2 fusion_builder_column_inner_1_3 1_3 fusion-one-third fusion-column-first informacion-contacto-columna\" style=\"--awb-bg-size:cover;--awb-margin-bottom:0px;width:33.333333333333%;width:calc(33.333333333333% - ( ( 4% ) * 0.33333333333333 ) );margin-right: 4%;\"><div class=\"fusion-column-wrapper fusion-flex-column-wrapper-legacy\"><i class=\"fa fontawesome-icon fa-facebook circle-yes\"><\/i>\u00a0<a class=\"datos-contacto\" href=\"https:\/\/www.facebook.com\/rectoralareas\/\" target=\"_blank\" rel=\"noopener\">rectoralareas<\/a><div class=\"fusion-clearfix\"><\/div><\/div><\/div><div class=\"fusion-layout-column fusion_builder_column_inner fusion-builder-nested-column-3 fusion_builder_column_inner_1_2 1_2 fusion-one-half fusion-column-last informacion-contacto-columna\" style=\"--awb-bg-size:cover;--awb-margin-bottom:0px;width:50%;width:calc(50% - ( ( 4% ) * 0.5 ) );\"><div class=\"fusion-column-wrapper fusion-flex-column-wrapper-legacy\"><i class=\"fa fontawesome-icon fa-location-arrow circle-yes\"><\/i>\u00a0<span class=\"datos-contacto\">42.032029, -8.6641557<\/span><div class=\"fusion-clearfix\"><\/div><\/div><\/div><\/div><div class=\"fusion-sep-clear\"><\/div><div class=\"fusion-separator fusion-full-width-sep\" style=\"margin-left: auto;margin-right: auto;margin-bottom:42px;width:100%;\"><\/div><div class=\"fusion-sep-clear\"><\/div>\t\t\t\t\t<script type=\"text\/javascript\">\n\t\t\t\t\t\tvar map_fusion_map_6a072ebb0dca1;\n\t\t\t\t\t\tvar markers = [];\n\t\t\t\t\t\tvar counter = 0;\n\t\t\t\t\t\t\t\t\t\t\t\t\t\t\t\t\t\t\t\tvar fusionMapNonce = '1fa353d3cc';\n\t\t\t\t\t\t\t\t\t\t\t\tfunction fusion_run_map_fusion_map_6a072ebb0dca1() {\n\t\t\t\t\t\t\tjQuery('#fusion_map_6a072ebb0dca1').fusion_maps({\n\t\t\t\t\t\t\t\taddresses: [{\"address\":\"42.032029,-8.6641557\",\"infobox_content\":\"\",\"coordinates\":true,\"latitude\":\"42.032029\",\"longitude\":\"-8.6641557\",\"cache\":true,\"geocoded_address\":\"PO-350, 43, 36711 Tui, Pontevedra, Espa\\u00f1a\"}],\n\t\t\t\t\t\t\t\tanimations: false,\n\t\t\t\t\t\t\t\tinfobox_background_color: '',\n\t\t\t\t\t\t\t\tinfobox_styling: 'default',\n\t\t\t\t\t\t\t\tinfobox_text_color: '',\n\t\t\t\t\t\t\t\tmap_style: 'default',\n\t\t\t\t\t\t\t\tmap_type: 'roadmap',\n\t\t\t\t\t\t\t\tmarker_icon: '',\n\t\t\t\t\t\t\t\toverlay_color: '',\n\t\t\t\t\t\t\t\toverlay_color_hsl: {\"hue\":0,\"sat\":0,\"lum\":100},\n\t\t\t\t\t\t\t\tpan_control: true,\n\t\t\t\t\t\t\t\tshow_address: true,\n\t\t\t\t\t\t\t\tscale_control: true,\n\t\t\t\t\t\t\t\tscrollwheel: true,\n\t\t\t\t\t\t\t\tzoom: 16,\n\t\t\t\t\t\t\t\tzoom_control: true,\n\t\t\t\t\t\t\t});\n\t\t\t\t\t\t}\n\n\t\t\t\t\t\tgoogle.maps.event.addDomListener(window, 'load', fusion_run_map_fusion_map_6a072ebb0dca1);\n\t\t\t\t\t<\/script>\n\t\t\t\t\t<div class=\"shortcode-map fusion-google-map fusion-maps-js-type rectoralareas-mapa\" id=\"fusion_map_6a072ebb0dca1\"><\/div><div class=\"fusion-sep-clear\"><\/div><div class=\"fusion-separator fusion-full-width-sep\" style=\"margin-left: auto;margin-right: auto;margin-bottom:42px;width:100%;\"><\/div><div class=\"fusion-sep-clear\"><\/div><div class=\"fusion-button-wrapper\"><a class=\"fusion-button button-flat fusion-button-default-size button-default fusion-button-default button-1 fusion-button-default-span fusion-button-default-type boton-como-llegar\" target=\"_blank\" rel=\"noopener noreferrer\" href=\"https:\/\/www.google.es\/maps\/dir\/\/Rectoral+de+Areas+-+Casa+de+Turismo+Rural,+Adro1+Areas,+36711+Tui,+PO\/@42.0320834,-8.6630618,18z\/data=!4m9!4m8!1m0!1m5!1m1!1s0xd25907f33ca3245:0xd1bec7d5dc4c6591!2m2!1d-8.661967!2d42.032025!3e0\"><i class=\" fa fa-map-marker button-icon-left\" aria-hidden=\"true\"><\/i><span class=\"fusion-button-text\">Como chegar<\/span><\/a><\/div><div class=\"fusion-clearfix\"><\/div><\/div><\/div><\/div><\/div>\n","protected":false},"excerpt":{"rendered":"","protected":false},"author":1,"featured_media":0,"parent":0,"menu_order":0,"comment_status":"closed","ping_status":"closed","template":"","meta":{"footnotes":""},"class_list":["post-1224","page","type-page","status-publish","hentry"],"_links":{"self":[{"href":"https:\/\/www.rectoralareas.com\/gl\/wp-json\/wp\/v2\/pages\/1224"}],"collection":[{"href":"https:\/\/www.rectoralareas.com\/gl\/wp-json\/wp\/v2\/pages"}],"about":[{"href":"https:\/\/www.rectoralareas.com\/gl\/wp-json\/wp\/v2\/types\/page"}],"author":[{"embeddable":true,"href":"https:\/\/www.rectoralareas.com\/gl\/wp-json\/wp\/v2\/users\/1"}],"replies":[{"embeddable":true,"href":"https:\/\/www.rectoralareas.com\/gl\/wp-json\/wp\/v2\/comments?post=1224"}],"version-history":[{"count":13,"href":"https:\/\/www.rectoralareas.com\/gl\/wp-json\/wp\/v2\/pages\/1224\/revisions"}],"predecessor-version":[{"id":1352,"href":"https:\/\/www.rectoralareas.com\/gl\/wp-json\/wp\/v2\/pages\/1224\/revisions\/1352"}],"wp:attachment":[{"href":"https:\/\/www.rectoralareas.com\/gl\/wp-json\/wp\/v2\/media?parent=1224"}],"curies":[{"name":"wp","href":"https:\/\/api.w.org\/{rel}","templated":true}]}}