{"id":1236,"date":"2018-06-20T15:18:44","date_gmt":"2018-06-20T13:18:44","guid":{"rendered":"https:\/\/www.rectoralareas.com\/aviso-legal\/"},"modified":"2018-06-20T15:18:45","modified_gmt":"2018-06-20T13:18:45","slug":"aviso-legal","status":"publish","type":"page","link":"https:\/\/www.rectoralareas.com\/gl\/aviso-legal\/","title":{"rendered":"Aviso legal"},"content":{"rendered":"<div class=\"fusion-fullwidth fullwidth-box fusion-builder-row-1 rectoral-notas-legales nonhundred-percent-fullwidth non-hundred-percent-height-scrolling\" style=\"--awb-border-radius-top-left:0px;--awb-border-radius-top-right:0px;--awb-border-radius-bottom-right:0px;--awb-border-radius-bottom-left:0px;--awb-margin-bottom:40px;--awb-flex-wrap:wrap;\" ><div class=\"fusion-builder-row fusion-row\"><div class=\"fusion-layout-column fusion_builder_column fusion-builder-column-0 fusion_builder_column_1_1 1_1 fusion-one-full fusion-column-first fusion-column-last\" style=\"--awb-bg-size:cover;\"><div class=\"fusion-column-wrapper fusion-flex-column-wrapper-legacy\"><div class=\"fusion-text fusion-text-1 awb-text-cols fusion-text-columns-2 rectoral-texto-justificado\" style=\"--awb-columns:2;--awb-column-spacing:2em;--awb-column-min-width:300px;\"><h2>1. DATOS IDENTIFICATIVOS<\/h2>\n<p>En cumplimiento con el deber de informaci\u00f3n recogido en art\u00edculo 10 de la Ley 34\/2002, de 11 de julio, de Servicios de la Sociedad de la Informaci\u00f3n y del Comercio Electr\u00f3nico, a continuaci\u00f3n se reflejan los siguientes datos:<\/p>\n<p>La empresa titular de <strong>www.rectoralareas.com <\/strong>(en adelante &#8220;<strong>EL SITIO WEB<\/strong>&#8220;) es La Conquete des Poles, s.l. (en adelante &#8220;<strong>LA EMPRESA<\/strong>&#8220;), con domicilio a estos efectos en Calle Compostela, semis\u00f3tano n\u00famero 14 de C.I.F.: B94009560 inscrita en el Registro Mercantil de Pontevedra en el tomo 3568, Folio 180, Hoja PO-48292. Correo electr\u00f3nico de contacto: <strong>info@rectoralareas.com<\/strong> del sitio web.<\/p>\n<h2>2. USUARIOS<\/h2>\n<p>El acceso y\/o uso de este portal de <strong>LA EMPRESA <\/strong>atribuye la condici\u00f3n de <strong>USUARIO<\/strong>, que acepta, desde dicho acceso y\/o uso, las Condiciones Generales de Uso aqu\u00ed reflejadas. Las citadas Condiciones ser\u00e1n de aplicaci\u00f3n independientemente de las Condiciones Generales de Contrataci\u00f3n que en su caso resulten de obligado cumplimiento.<\/p>\n<h2>3. USO DEL PORTAL<\/h2>\n<p><strong>EL SITIO WEB <\/strong>proporciona el acceso a multitud de informaciones, servicios, programas o datos (en adelante, &#8220;<strong>los contenidos<\/strong>&#8220;) en Internet pertenecientes a LA EMPRESA o a sus licenciantes a los que el USUARIO pueda tener acceso. <strong>El USUARIO<\/strong> asume la responsabilidad del uso del portal. Dicha responsabilidad se extiende al <strong>registro<\/strong> que fuese necesario para acceder a determinados servicios o contenidos. En dicho registro el USUARIO ser\u00e1 responsable de aportar informaci\u00f3n veraz y l\u00edcita. Como consecuencia de este registro, al USUARIO se le puede proporcionar una contrase\u00f1a de la que ser\u00e1 responsable, comprometi\u00e9ndose a hacer un uso diligente y confidencial de la misma.<\/p>\n<p>El USUARIO se compromete a hacer un <strong>uso adecuado<\/strong> de los contenidos y servicios (como por ejemplo servicios de chat, foros de discusi\u00f3n o grupos de noticias) que LA EMPRESA ofrece a trav\u00e9s de su portal y con car\u00e1cter enunciativo pero no limitativo, a no emplearlos para <strong>(i)<\/strong> incurrir en actividades il\u00edcitas, ilegales o contrarias a la buena fe y al orden p\u00fablico; <strong>(ii)<\/strong> difundir contenidos o propaganda de car\u00e1cter racista, xen\u00f3fobo, pornogr\u00e1fico-ilegal, de apolog\u00eda del terrorismo o atentatorio contra los derechos humanos; <strong>(iii)<\/strong> provocar da\u00f1os en los sistemas f\u00edsicos y l\u00f3gicos de LA EMPRESA, de sus proveedores o de terceras personas, introducir o difundir en la red virus inform\u00e1ticos o cualesquiera otros sistemas f\u00edsicos o l\u00f3gicos que sean susceptibles de provocar los da\u00f1os anteriormente mencionados; <strong>(iv)<\/strong> intentar acceder y, en su caso, utilizar las cuentas de correo electr\u00f3nico de otros usuarios y modificar o manipular sus mensajes.\u00a0<strong>LA EMPRESA <\/strong>se reserva el derecho de retirar todos aquellos comentarios y aportaciones que vulneren el respeto a la dignidad de la persona, que sean discriminatorios, xen\u00f3fobos, racistas, pornogr\u00e1ficos, que atenten contra la juventud o la infancia, el orden o la seguridad p\u00fablica o que, a su juicio, no resultaran adecuados para su publicaci\u00f3n. En cualquier caso, LA EMPRESA no ser\u00e1 responsable de las opiniones vertidas por los usuarios a trav\u00e9s de los foros, chats, u otras herramientas de participaci\u00f3n.<\/p>\n<h2>4. PROTECCI\u00d3N DE DATOS<\/h2>\n<p>LA EMPRESA cumple con las directrices de la Ley Org\u00e1nica 15\/1999 de 13 de diciembre de <strong>Protecci\u00f3n de Datos de Car\u00e1cter Personal<\/strong>, el Real Decreto 1720\/2007 de 21 de diciembre por el que se aprueba el Reglamento de desarrollo de la Ley Org\u00e1nica y dem\u00e1s normativa vigente en cada momento, y vela por garantizar un correcto uso y <strong>tratamiento de los datos personales<\/strong> del usuario. Para ello, junto a cada formulario de recabo de datos de car\u00e1cter personal, en los servicios que el usuario pueda solicitar a LA EMPRESA, har\u00e1 saber al usuario de la existencia y <strong>aceptaci\u00f3n de las condiciones<\/strong> particulares del tratamiento de sus datos en cada caso, inform\u00e1ndole de la responsabilidad del <strong>fichero<\/strong> creado, la direcci\u00f3n del responsable, la posibilidad de ejercer sus derechos de <strong>acceso<\/strong>, <strong>rectificaci\u00f3n<\/strong>, <strong>cancelaci\u00f3n<\/strong> u <strong>oposici\u00f3n<\/strong>, la <strong>finalidad del tratamiento<\/strong> y las <strong>comunicaciones de datos<\/strong> a terceros en su caso. Asimismo, LA EMPRESA informa que da cumplimiento a la Ley 34\/2002 de 11 de julio, de Servicios de la Sociedad de la Informaci\u00f3n y el Comercio Electr\u00f3nico y le solicitar\u00e1 su consentimiento al tratamiento de su <strong>correo electr\u00f3nico<\/strong> con fines comerciales en cada momento.<\/p>\n<h2>5. PROPIEDAD INTELECTUAL E INDUSTRIAL<\/h2>\n<p><strong>LA EMPRESA<\/strong> por s\u00ed o como cesionaria, es <strong>titular<\/strong> de todos los derechos de propiedad intelectual e industrial de su p\u00e1gina web, as\u00ed como de los elementos contenidos en la misma (a t\u00edtulo enunciativo, im\u00e1genes, sonido, audio, v\u00eddeo, software o textos; marcas o logotipos, combinaciones de colores, estructura y dise\u00f1o, selecci\u00f3n de materiales usados, programas de ordenador necesarios para su funcionamiento, acceso y uso, etc.), titularidad de LA EMPRESA o bien de sus licenciantes. Todos los <strong>derechos reservados<\/strong>.<\/p>\n<p>En virtud de lo dispuesto en los art\u00edculos 8 y 32.1, p\u00e1rrafo segundo, de la <strong>Ley de Propiedad Intelectual<\/strong>, quedan expresamente prohibidas la reproducci\u00f3n, la distribuci\u00f3n y la comunicaci\u00f3n p\u00fablica, incluida su modalidad de puesta a disposici\u00f3n, de la totalidad o parte de los contenidos de esta p\u00e1gina web, con fines comerciales, en cualquier soporte y por cualquier medio t\u00e9cnico, sin la autorizaci\u00f3n de LA EMPRESA.<\/p>\n<p>El <strong>USUARIO<\/strong> se compromete a <strong>respetar<\/strong> los derechos de Propiedad Intelectual e Industrial titularidad de LA EMPRESA. Podr\u00e1 visualizar los elementos del portal e incluso imprimirlos, copiarlos y almacenarlos en el disco duro de su ordenador o en cualquier otro soporte f\u00edsico siempre y cuando sea, \u00fanica y exclusivamente, para su uso personal y privado. El USUARIO deber\u00e1 abstenerse de suprimir, alterar, eludir o manipular cualquier dispositivo de protecci\u00f3n o sistema de seguridad que estuviera instalado en el las p\u00e1ginas de LA EMPRESA.<\/p>\n<h2>6. EXCLUSI\u00d3N DE GARANT\u00cdAS Y RESPONSABILIDAD<\/h2>\n<p>LA EMPRESA no se hace responsable, en ning\u00fan caso, de los <strong>da\u00f1os y perjuicios<\/strong> de cualquier naturaleza que pudieran ocasionar, a t\u00edtulo enunciativo: errores u omisiones en los contenidos, falta de disponibilidad del portal o la transmisi\u00f3n de virus o programas maliciosos o lesivos en los contenidos, a pesar de haber adoptado todas las <strong>medidas tecnol\u00f3gicas<\/strong> necesarias para evitarlo.<\/p>\n<h2>7. MODIFICACIONES<\/h2>\n<p>LA EMPRESA se reserva el derecho de efectuar sin previo aviso las modificaciones que considere oportunas en su portal, pudiendo cambiar, suprimir o a\u00f1adir tanto los contenidos y servicios que se presten a trav\u00e9s de la misma como la forma en la que \u00e9stos aparezcan presentados o localizados en su portal.<\/p>\n<h2>8. ENLACES<\/h2>\n<p>En el caso de que en <strong>EL SITIO WEB <\/strong>se dispusiesen enlaces o hiperv\u00ednculos hac\u00eda otros sitios de Internet, LA EMPRESA no ejercer\u00e1 ning\u00fan tipo de control sobre dichos sitios y contenidos. En ning\u00fan caso LA EMPRESA asumir\u00e1 responsabilidad alguna por los contenidos de alg\u00fan enlace perteneciente a un sitio web ajeno, ni garantizar\u00e1 la <strong>disponibilidad<\/strong> t\u00e9cnica, calidad, fiabilidad, exactitud, amplitud, veracidad, validez y constitucionalidad de cualquier material o informaci\u00f3n contenida en ninguno de dichos hiperv\u00ednculos u otros sitios de Internet. Igualmente, la inclusi\u00f3n de estas conexiones externas no implicar\u00e1 ning\u00fan tipo de asociaci\u00f3n, fusi\u00f3n o participaci\u00f3n con las entidades conectadas.<\/p>\n<h2>9. DERECHO DE EXCLUSI\u00d3N<\/h2>\n<p>LA EMPRESA se reserva el derecho a <strong>denegar o retirar<\/strong> el acceso a portal y\/o los servicios ofrecidos sin necesidad de preaviso, a instancia propia o de un tercero, a aquellos usuarios que incumplan las presentes Condiciones Generales de Uso.<\/p>\n<h2>10.GENERALIDADES<\/h2>\n<p>LA EMPRESA perseguir\u00e1 el incumplimiento de las presentes condiciones, as\u00ed como cualquier utilizaci\u00f3n indebida de su portal ejerciendo todas las <strong>acciones civiles y penales<\/strong> que le puedan corresponder en derecho.<\/p>\n<h2>11.MODIFICACI\u00d3N DE LAS PRESENTES CONDICIONES Y DURACI\u00d3N<\/h2>\n<p>LA EMPRESA podr\u00e1 modificar en cualquier momento las <strong>condiciones<\/strong> aqu\u00ed determinadas, siendo debidamente publicadas como aqu\u00ed aparecen. La vigencia de las citadas condiciones ir\u00e1 en funci\u00f3n de su exposici\u00f3n y estar\u00e1n vigentes hasta que sean modificadas por otras debidamente publicadas.<\/p>\n<h2>12. LEGISLACI\u00d3N APLICABLE Y JURISDICCI\u00d3N<\/h2>\n<p>La relaci\u00f3n entre LA EMPRESA y el USUARIO se regir\u00e1 por la normativa espa\u00f1ola vigente y cualquier controversia se someter\u00e1 a los <strong>Juzgados y tribunales<\/strong> de la ciudad de <strong>Tui<\/strong>.<\/p>\n<\/div><div class=\"fusion-clearfix\"><\/div><\/div><\/div><\/div><\/div>\n","protected":false},"excerpt":{"rendered":"","protected":false},"author":1,"featured_media":0,"parent":0,"menu_order":0,"comment_status":"closed","ping_status":"closed","template":"","meta":{"footnotes":""},"class_list":["post-1236","page","type-page","status-publish","hentry"],"_links":{"self":[{"href":"https:\/\/www.rectoralareas.com\/gl\/wp-json\/wp\/v2\/pages\/1236"}],"collection":[{"href":"https:\/\/www.rectoralareas.com\/gl\/wp-json\/wp\/v2\/pages"}],"about":[{"href":"https:\/\/www.rectoralareas.com\/gl\/wp-json\/wp\/v2\/types\/page"}],"author":[{"embeddable":true,"href":"https:\/\/www.rectoralareas.com\/gl\/wp-json\/wp\/v2\/users\/1"}],"replies":[{"embeddable":true,"href":"https:\/\/www.rectoralareas.com\/gl\/wp-json\/wp\/v2\/comments?post=1236"}],"version-history":[{"count":1,"href":"https:\/\/www.rectoralareas.com\/gl\/wp-json\/wp\/v2\/pages\/1236\/revisions"}],"predecessor-version":[{"id":1237,"href":"https:\/\/www.rectoralareas.com\/gl\/wp-json\/wp\/v2\/pages\/1236\/revisions\/1237"}],"wp:attachment":[{"href":"https:\/\/www.rectoralareas.com\/gl\/wp-json\/wp\/v2\/media?parent=1236"}],"curies":[{"name":"wp","href":"https:\/\/api.w.org\/{rel}","templated":true}]}}