{"id":1246,"date":"2018-06-20T15:21:04","date_gmt":"2018-06-20T13:21:04","guid":{"rendered":"https:\/\/www.rectoralareas.com\/nos\/"},"modified":"2018-06-20T16:32:40","modified_gmt":"2018-06-20T14:32:40","slug":"nos","status":"publish","type":"page","link":"https:\/\/www.rectoralareas.com\/gl\/nos\/","title":{"rendered":"N\u00f3s"},"content":{"rendered":"<p><div class=\"fusion-fullwidth fullwidth-box fusion-builder-row-1 nonhundred-percent-fullwidth non-hundred-percent-height-scrolling\" style=\"--awb-border-radius-top-left:0px;--awb-border-radius-top-right:0px;--awb-border-radius-bottom-right:0px;--awb-border-radius-bottom-left:0px;--awb-flex-wrap:wrap;\" ><div class=\"fusion-builder-row fusion-row\"><div class=\"fusion-layout-column fusion_builder_column fusion-builder-column-0 fusion_builder_column_1_1 1_1 fusion-one-full fusion-column-first fusion-column-last\" style=\"--awb-bg-size:cover;\"><div class=\"fusion-column-wrapper fusion-flex-column-wrapper-legacy\"><div class=\"fusion-text fusion-text-1 awb-text-cols fusion-text-columns-2 rectoral-texto-justificado\" style=\"--awb-columns:2;--awb-column-spacing:2em;--awb-column-min-width:300px;\"><p>A <strong>Rectoral de Areas<\/strong>, \u00e9 un proxecto que nace a finais dos 90. A idea dos seus promotores foi po\u00f1er en valor un conxunto hist\u00f3rico de gran valor arquit\u00e9ct\u00f3nico, ubicado nun entorno privilexiado. Esa idea \u00e9 a que retomamos as persoas que agora a diriximos, estamos moi vinculados \u00e1 zona, somos co\u00f1ecedores do <strong>Baixo Mi\u00f1o<\/strong>, As <strong>R\u00edas Baixas<\/strong> e <strong>Norte de Portugal<\/strong>.<\/p>\n<p>Quixemos trasladar \u00e1 Rectoral a experiencia adquirida cos apartamentos vacacionais dos que dispo\u00f1emos dende 2014 en A Guarda e que son o froito da experiencia adquirida nas nosas viaxes. Para n\u00f3s aloxarnos nunha vivenda \u00e9 sin\u00f3nimo de <strong>comodidade<\/strong>, <strong>liberdade<\/strong>, <strong>intimidade<\/strong> e <strong>calidade<\/strong> e iso \u00e9 o que queremos que os nosos h\u00f3spedes sintan.<\/p>\n<p>A localizaci\u00f3n da Casa Rectoral de Areas \u00e9 moi interesante, xa que ofrecelle a posibilidade de disfrutar dunha <strong>contorna rural<\/strong> e un contacto coa natureza sen renunciar a uns bos accesos, que lle posibilitan conectarse de forma r\u00e1pida \u00e1s principais v\u00edas de comunicaci\u00f3n a zonas urbanas, de monta\u00f1a ou de praia.<\/p>\n<p>Buscamos que disfrute da s\u00faa estancia e se sinta a gusto entre n\u00f3s.<\/p>\n<\/div><div class=\"fusion-clearfix\"><\/div><\/div><\/div><\/div><\/div><div class=\"fusion-fullwidth fullwidth-box fusion-builder-row-2 nonhundred-percent-fullwidth non-hundred-percent-height-scrolling\" style=\"--awb-border-radius-top-left:0px;--awb-border-radius-top-right:0px;--awb-border-radius-bottom-right:0px;--awb-border-radius-bottom-left:0px;--awb-margin-top:50px;--awb-margin-bottom:50px;--awb-flex-wrap:wrap;\" ><div class=\"fusion-builder-row fusion-row\"><div class=\"fusion-layout-column fusion_builder_column fusion-builder-column-1 fusion_builder_column_1_1 1_1 fusion-one-full fusion-column-first fusion-column-last\" style=\"--awb-bg-size:cover;\"><div class=\"fusion-column-wrapper fusion-flex-column-wrapper-legacy\"><div class=\"fusion-image-element fusion-image-align-center in-legacy-container\" style=\"text-align:center;--awb-liftup-border-radius:5px;--awb-caption-title-font-family:var(--h2_typography-font-family);--awb-caption-title-font-weight:var(--h2_typography-font-weight);--awb-caption-title-font-style:var(--h2_typography-font-style);--awb-caption-title-size:var(--h2_typography-font-size);--awb-caption-title-transform:var(--h2_typography-text-transform);--awb-caption-title-line-height:var(--h2_typography-line-height);--awb-caption-title-letter-spacing:var(--h2_typography-letter-spacing);\"><div class=\"imageframe-align-center\"><div class=\"awb-image-frame awb-image-frame-1 imageframe-liftup imageframe-1\" style=\"max-width:450px;\"><span class=\" fusion-imageframe imageframe-dropshadow imageframe-1\" style=\"border-radius:5px;-webkit-box-shadow: 3px 3px 7px rgba(51,51,51,0.3);box-shadow: 3px 3px 7px rgba(51,51,51,0.3);\"><img decoding=\"async\" width=\"600\" height=\"450\" alt=\"Rectoral de Areas\" title=\"Rectoral Coche\" src=\"http:\/\/www.rectoralareas.com\/wp-content\/uploads\/2018\/05\/coche-600x450.jpg\" class=\"img-responsive wp-image-1606\" srcset=\"https:\/\/www.rectoralareas.com\/wp-content\/uploads\/2018\/05\/coche-200x150.jpg 200w, https:\/\/www.rectoralareas.com\/wp-content\/uploads\/2018\/05\/coche-400x300.jpg 400w, https:\/\/www.rectoralareas.com\/wp-content\/uploads\/2018\/05\/coche.jpg 600w\" sizes=\"(max-width: 800px) 100vw, 600px\" \/><\/span><\/div><\/div><\/div><div class=\"fusion-clearfix\"><\/div><\/div><\/div><\/div><\/div><\/p>\n","protected":false},"excerpt":{"rendered":"","protected":false},"author":1,"featured_media":0,"parent":0,"menu_order":0,"comment_status":"closed","ping_status":"closed","template":"","meta":{"footnotes":""},"class_list":["post-1246","page","type-page","status-publish","hentry"],"_links":{"self":[{"href":"https:\/\/www.rectoralareas.com\/gl\/wp-json\/wp\/v2\/pages\/1246"}],"collection":[{"href":"https:\/\/www.rectoralareas.com\/gl\/wp-json\/wp\/v2\/pages"}],"about":[{"href":"https:\/\/www.rectoralareas.com\/gl\/wp-json\/wp\/v2\/types\/page"}],"author":[{"embeddable":true,"href":"https:\/\/www.rectoralareas.com\/gl\/wp-json\/wp\/v2\/users\/1"}],"replies":[{"embeddable":true,"href":"https:\/\/www.rectoralareas.com\/gl\/wp-json\/wp\/v2\/comments?post=1246"}],"version-history":[{"count":2,"href":"https:\/\/www.rectoralareas.com\/gl\/wp-json\/wp\/v2\/pages\/1246\/revisions"}],"predecessor-version":[{"id":1279,"href":"https:\/\/www.rectoralareas.com\/gl\/wp-json\/wp\/v2\/pages\/1246\/revisions\/1279"}],"wp:attachment":[{"href":"https:\/\/www.rectoralareas.com\/gl\/wp-json\/wp\/v2\/media?parent=1246"}],"curies":[{"name":"wp","href":"https:\/\/api.w.org\/{rel}","templated":true}]}}