{"id":1248,"date":"2018-06-20T15:21:38","date_gmt":"2018-06-20T13:21:38","guid":{"rendered":"https:\/\/www.rectoralareas.com\/politica-de-cookies\/"},"modified":"2018-06-20T16:03:46","modified_gmt":"2018-06-20T14:03:46","slug":"politica-de-cookies","status":"publish","type":"page","link":"https:\/\/www.rectoralareas.com\/gl\/politica-de-cookies\/","title":{"rendered":"Pol\u00edtica de cookies"},"content":{"rendered":"<div class=\"fusion-fullwidth fullwidth-box fusion-builder-row-1 rectoral-notas-legales nonhundred-percent-fullwidth non-hundred-percent-height-scrolling\" style=\"--awb-border-radius-top-left:0px;--awb-border-radius-top-right:0px;--awb-border-radius-bottom-right:0px;--awb-border-radius-bottom-left:0px;--awb-margin-bottom:40px;--awb-flex-wrap:wrap;\" ><div class=\"fusion-builder-row fusion-row\"><div class=\"fusion-layout-column fusion_builder_column fusion-builder-column-0 fusion_builder_column_1_1 1_1 fusion-one-full fusion-column-first fusion-column-last\" style=\"--awb-bg-size:cover;\"><div class=\"fusion-column-wrapper fusion-flex-column-wrapper-legacy\"><div class=\"fusion-text fusion-text-1 rectoral-texto-justificado\"><div class=\"notas-legales politica_cookies\">\n<p>En cumprimento do establecido no artigo 22.2 da Lei 34\/2002, do 11 de xullo, de Servizos da Sociedade da Informaci\u00f3n e de Comercio Electr\u00f3nico, inform\u00e1moslle de que a empresa titular de www.rectoralareas.com (en diante &#8220;<strong>O Sitio web<\/strong>&#8220;) \u00e9 A Conquete das Poles, S.L. (en diante &#8220;<strong>A EMPRESA<\/strong>&#8220;), con domicilio a estes efectos en R\u00faa Compostela, semis\u00f3tano n\u00famero 14 de C.I.F.: B94009560 inscrita no Rexistro Mercantil de Pontevedra no tomo 3568, Folio 180, Folla PO-48292. Correo electr\u00f3nico de contacto: <strong>info@rectoralareas.com<\/strong> do sitio web.<\/p>\n<p><strong>&#8220;O Sitio web&#8221;<\/strong> emprega &#8220;cookies&#8221; co obxecto de mellorar a s\u00faa experiencia de navegaci\u00f3n e analizar as visitas recibidas. Ao tempo, po\u00f1emos no seu co\u00f1ecemento que \u00e9 unha &#8220;cookie&#8221;, cales utiliza o sitio web e, se Vd. des\u00e9xao, como poder\u00e1 eliminalas se previamente aceptou a s\u00faa instalaci\u00f3n. En calquera caso, solicitaremos o seu consentimento a este \u00faltimo respecto (instalaci\u00f3n de &#8220;cookies&#8221;\u00a0no seu dispositivo).<\/p>\n<p><strong>&gt; Que \u00e9 unha &#8220;cookie&#8221;?<\/strong><\/p>\n<p>Unha &#8220;cookie&#8221; \u00e9 un ficheiro que se descarga no dispositivo do usuario (ordenador\/smartphone\/tablet) ao acceder a determinadas p\u00e1xinas Web. As &#8220;cookies&#8221; permiten ao sitio web almacenar e recuperar informaci\u00f3n sobre o usuario, tal como pode ser o n\u00famero de visitas recibidas ou os h\u00e1bitos de navegaci\u00f3n daquel ou do seu equipo e, dependendo da informaci\u00f3n que conte\u00f1an e da forma en que empregue o seu equipo, poden utilizarse para reco\u00f1ecer ao usuario.<\/p>\n<p>Existen distintos tipos de &#8220;cookies&#8221;, dependendo da s\u00faa permanencia no seu dispositivo (&#8220;de sesi\u00f3n&#8221; ou &#8220;permanentes&#8221;), da s\u00faa procedencia (&#8220;propias ou de primeira parte&#8221; ou de &#8220;terceiros ou terceira parte&#8221;), a s\u00faa finalidade (&#8220;t\u00e9cnicas&#8221;, &#8220;de publicidade comportamental&#8221;, &#8220;anal\u00edticas&#8221;, &#8220;de personalizaci\u00f3n&#8221;, etc).<\/p>\n<p><strong>&gt; Para que se empregan &#8220;cookies&#8221; neste sitio web ?<\/strong><\/p>\n<p>As cookies utilizadas no sitio web pretenden optimizar a s\u00faa experiencia de navegaci\u00f3n, as\u00ed como analizar as visitas que este reciba, a trav\u00e9s de Google Analytics.<\/p>\n<p><strong>&gt; Cales utiliza este sitio web ?<\/strong><\/p>\n<p>Fundamentalmente, o sitio web fai uso de &#8220;cookies&#8221; persistentes de terceiros, f\u00f3ra dunha, que responde \u00e1 categor\u00eda de propia. As\u00ed mesmo, pola s\u00faa finalidade, dist\u00ednguense tres tipos distintos: cookies t\u00e9cnicas, de an\u00e1lises e de personalizaci\u00f3n.<\/p>\n<p>Para facilitar a s\u00faa comprensi\u00f3n, seguidamente definimos os conceptos destacados:<\/p>\n<p style=\"padding-left: 30px;\">\u2013 <strong>&#8220;Cookies&#8221; propias:<\/strong> son aquelas que se env\u00edan ao equipo terminal do usuario desde un equipo ou dominio xestionado polo propio editor e desde o que se presta o servizo solicitado polo usuario.<\/p>\n<p style=\"padding-left: 30px;\">\u2013 <strong>&#8220;Cookies&#8221; de terceiros:<\/strong> son aquelas que se env\u00edan ao equipo terminal do usuario desde un equipo ou dominio que non \u00e9 xestionado polo editor, sen\u00f3n por outra entidade que trata os datos obtidos trav\u00e9s das cookies.<\/p>\n<p style=\"padding-left: 30px;\">\u2013 <strong>&#8220;Cookies&#8221; persistentes:<\/strong> son un tipo de &#8220;cookies&#8221; polas que os datos seguen almacenados no terminal do usuario e poden ser accedidos e tratados durante un per\u00edodo definido polo responsable da cookie, o cal pode ir duns minutos a varios anos.<\/p>\n<p style=\"padding-left: 30px;\">\u2013 <strong>&#8220;Cookies&#8221; t\u00e9cnicas:<\/strong> son aquelas que permiten ao usuario a navegaci\u00f3n a trav\u00e9s dunha p\u00e1xina web, plataforma ou aplicaci\u00f3n e a utilizaci\u00f3n das diferentes opci\u00f3ns ou servizos que nela existan como, por exemplo, controlar o tr\u00e1fico e a comunicaci\u00f3n de datos, identificar a sesi\u00f3n, acceder a partes de acceso restrinxido, lembrar os elementos que integran un pedido, executar un proceso de compra dun pedido, practicar a solicitude de inscrici\u00f3n ou participaci\u00f3n nun evento, utilizar elementos de seguridade durante a navegaci\u00f3n, almacenar contidos para a difusi\u00f3n de v\u00eddeos ou son, e mesmo compartir contidos a trav\u00e9s de redes sociais.<\/p>\n<p style=\"padding-left: 30px;\">\u2013 <strong>&#8220;Cookies&#8221; de an\u00e1lise:<\/strong> son aquelas que permiten ao responsable das mesmas, o seguimento e an\u00e1lise do comportamento dos usuarios dos sitios web aos que est\u00e1n vinculadas. A informaci\u00f3n recollida mediante este tipo de &#8220;cookies&#8221; empr\u00e9gase na medici\u00f3n da actividade dos sitios web, aplicaci\u00f3ns ou plataforma, e para a elaboraci\u00f3n de perf\u00eds de navegaci\u00f3n dos usuarios dos devanditos sitios, aplicaci\u00f3ns e plataformas, co fin de introducir melloras en funci\u00f3n da an\u00e1lise dos datos de uso que fan os usuarios do servizo.<\/p>\n<p style=\"padding-left: 30px;\">\u2013 <strong>&#8220;Cookies&#8221; de personalizaci\u00f3n:<\/strong> este tipo de &#8220;cookies&#8221; permiten ao usuario acceder ao servizo con algunhas caracter\u00edsticas de car\u00e1cter xeral, predefinidas en funci\u00f3n dunha serie de criterios no terminal do usuario, por exemplo serian o idioma, o tipo de navegador a trav\u00e9s do cal accede ao servizo, a configuraci\u00f3n rexional desde onde se accede ao servizo, etc.<\/p>\n<p>&gt; A continuaci\u00f3n, referimos con detalle as caracter\u00edsticas relevantes das <span style=\"text-decoration: underline;\">&#8220;cookies&#8221;<\/span> empregadas no sitio web:<\/p>\n<table class=\"notas-legales-tablas\" border=\"1\" width=\"100%\" cellspacing=\"3\" cellpadding=\"0\">\n<tbody>\n<tr class=\"notas-legales-cabecera\" bgcolor=\"#e3e3e3\">\n<td align=\"center\" width=\"131\"><strong>Identificaci\u00f3n &#8220;Cookie&#8221;<\/strong><\/td>\n<td align=\"center\" width=\"335\"><strong>Tipo<\/strong><\/td>\n<td align=\"center\" width=\"338\"><strong>Finalidade<\/strong><\/td>\n<td align=\"center\" width=\"119\"><strong>Duraci\u00f3n<\/strong><\/td>\n<\/tr>\n<tr>\n<td valign=\"top\" width=\"131\">_ga<\/td>\n<td valign=\"top\" width=\"335\">De <i>Google Analytics <\/i>(*): cookie de terceiros, anal\u00edtica e persistente, non estritamente necesaria para que o provedor dun servizo da sociedade da informaci\u00f3n preste un servizo expresamente solicitado polo usuario (require consentimento para ser instalada).(ver conceptos ref. m\u00e1is arriba)<\/td>\n<td valign=\"top\" width=\"338\">Estas cookies xeran un IDE de usuario an\u00f3nimo, que \u00e9 o empregado para facer reconto de cantas veces un mesmo usuario visita o sitio web, as\u00ed como cando foi a primeira e a \u00faltima vez que o usuario accedeu ao mesmo. Ao tempo, calcula cando se terminou unha sesi\u00f3n, detecta a orixe do usuario e palabras crave.<\/td>\n<td valign=\"top\" width=\"119\">2 anos<\/td>\n<\/tr>\n<tr>\n<td valign=\"top\" width=\"131\">NID<\/td>\n<td valign=\"top\" width=\"335\">De <i>Google Maps <\/i>(*): De terceiros, t\u00e9cnica, persistente e estritamente necesario (non necesario consentir a s\u00faa instalaci\u00f3n).(ver conceptos ref. m\u00e1is arriba)<\/td>\n<td valign=\"top\" width=\"338\">Proporciona exclusivamente a localizaci\u00f3n\/localizaci\u00f3n espacial do usuario (no caso que nos ocupa) a &#8220;A EMPRESA&#8221;<\/td>\n<td valign=\"top\" width=\"119\">Entre 2 e 6 meses<\/td>\n<\/tr>\n<tr>\n<td valign=\"top\" width=\"131\">PREF<\/td>\n<td valign=\"top\" width=\"335\">De <i>Google Maps <\/i>(*): De terceiros, t\u00e9cnica, persistente e estritamente necesario (non necesario consentir a s\u00faa instalaci\u00f3n)(ver conceptos ref. m\u00e1is arriba)<\/td>\n<td valign=\"top\" width=\"338\">roporciona exclusivamente a localizaci\u00f3n\/localizaci\u00f3n espacial do usuario (no caso que nos ocupa) a &#8220;A EMPRESA&#8221;<\/td>\n<td valign=\"top\" width=\"119\">Entre 1 ano e 2 anos<\/td>\n<\/tr>\n<\/tbody>\n<\/table>\n<p style=\"font-size: 10px; margin-top: 20px; line-height: 20px;\">(*) Sobre Google Analytics e Maps: O sitio web utiliza Google Analytics e Google Maps, servizos de an\u00e1lises web prestado por Google, Inc., unha compa\u00f1\u00eda de Delaware cuxa oficina principal est\u00e1 en 1600 Amphitheatre Parkway, Mountain View (California), CA 94043, Estados Unidos (en diante, &#8220;Google&#8221;). Google Analytics utiliza cookies, arquivos de texto situados no computador do usuario, mediante os cales pode realizar unha an\u00e1lise estat\u00edstica do uso que este fai do sitio web. A informaci\u00f3n que xera a cookie acerca do seu uso do sitio web (inclu\u00edndo a direcci\u00f3n IP) ser\u00e1 directamente transmitida e arquivada por Google nos seus servidores de Estados Unidos. Google usar\u00e1 esta informaci\u00f3n por conta da EMPRESA co prop\u00f3sito de facilitar estat\u00edsticas sobre o uso do sitio web, podendo transmitir dita informaci\u00f3n a terceiros cando as\u00ed llo requira a lexislaci\u00f3n, ou cando devanditos terceiros traten a informaci\u00f3n por conta de Google. Google non asociar\u00e1 a s\u00faa direcci\u00f3n IP con ning\u00fan outro dato do que dispo\u00f1a Google. O usuario pode impedir o tratamento da devandita informaci\u00f3n configurando o seu navegador para que rexeite o uso de cookies.<\/p>\n<p><strong>&gt; Consentimento<\/strong><\/p>\n<p>A fin de permitir a instalaci\u00f3n de &#8220;cookies&#8221; no seu computador, rogamos preste o seu consentimento, previa verificaci\u00f3n do contido da informaci\u00f3n que antecede.<\/p>\n<p>En todo caso, se decidise desinstalar cookies cuxa instalaci\u00f3n no seu dispositivo consentise previamente, inform\u00e1moslle sobre como poder\u00e1 facelo a trav\u00e9s das ligaz\u00f3ns indicadas a continuaci\u00f3n.<\/p>\n<p>Procedemento a seguir segundo o navegador utilizado:<\/p>\n<div align=\"center\">\n<table class=\"notas-legales-tablas\" border=\"1\" cellspacing=\"0\" cellpadding=\"0\">\n<tbody>\n<tr bgcolor=\"#e3e3e3\">\n<td valign=\"top\"><strong>Internet Explorer<\/strong><\/td>\n<td valign=\"top\"><span style=\"text-decoration: underline;\"><a style=\"color: #303030; text-decoration: underline;\" href=\"https:\/\/support.microsoft.com\/es-es\/help\/17442\/windows-internet-explorer-delete-manage-cookies\" target=\"_blank\" rel=\"nofollow noopener noreferrer\">M\u00e1is informaci\u00f3n nesta ligaz\u00f3n<\/a><\/span><\/td>\n<\/tr>\n<tr>\n<td valign=\"top\"><strong>Firefox<\/strong><\/td>\n<td valign=\"top\"><span style=\"text-decoration: underline; color: #303030;\"><a style=\"color: #303030; text-decoration: underline;\" href=\"https:\/\/support.mozilla.org\/es\/kb\/habilitar-y-deshabilitar-cookies-sitios-web-rastrear-preferencias?redirectlocale=es&amp;redirectslug=habilitar-y-deshabilitar-cookies-que-los-sitios-we\" target=\"_blank\" rel=\"nofollow noopener noreferrer\">M\u00e1is informaci\u00f3n nesta ligaz\u00f3n<\/a><\/span><\/td>\n<\/tr>\n<tr bgcolor=\"#e3e3e3\">\n<td valign=\"top\"><strong>Chrome<\/strong><\/td>\n<td valign=\"top\"><span style=\"text-decoration: underline;\"><a style=\"color: #303030; text-decoration: underline;\" href=\"https:\/\/support.google.com\/accounts\/answer\/61416?hl=es\" target=\"_blank\" rel=\"nofollow noopener noreferrer\">M\u00e1is informaci\u00f3n nesta ligaz\u00f3n<\/a><\/span><\/td>\n<\/tr>\n<tr>\n<td valign=\"top\"><strong>Opera<\/strong><\/td>\n<td valign=\"top\"><span style=\"text-decoration: underline;\"><a style=\"color: #303030; text-decoration: underline;\" href=\"http:\/\/help.opera.com\/Linux\/10.60\/es-ES\/cookies.html\" target=\"_blank\" rel=\"nofollow noopener noreferrer\">M\u00e1is informaci\u00f3n nesta ligaz\u00f3n<\/a><\/span><\/td>\n<\/tr>\n<tr bgcolor=\"#e3e3e3\">\n<td valign=\"top\"><strong>Safari<\/strong><\/td>\n<td valign=\"top\"><span style=\"text-decoration: underline;\"><a style=\"color: #303030; text-decoration: underline;\" href=\"https:\/\/support.apple.com\/kb\/PH21411?viewlocale=es_ES&amp;locale=es_ES\" target=\"_blank\" rel=\"nofollow noopener noreferrer\">M\u00e1is informaci\u00f3n nesta ligaz\u00f3n<\/a><\/span><\/td>\n<\/tr>\n<\/tbody>\n<\/table>\n<\/div>\n<p>&nbsp;<br \/>\nA presente Pol\u00edtica de Cookies ser\u00e1 modificada pola EMPRESA cando a normativa as\u00ed o esixa, ou en atenci\u00f3n a recomendaci\u00f3ns da Axencia Espa\u00f1ola de Protecci\u00f3n de Datos ou outras autoridades en Privacidade. Por iso, A EMPRESA recom\u00e9ndalle revise a &#8220;Pol\u00edtica de Cookies&#8221; de forma peri\u00f3dica.\n<\/p>\n<\/div>\n<\/div><div class=\"fusion-clearfix\"><\/div><\/div><\/div><\/div><\/div>\n","protected":false},"excerpt":{"rendered":"","protected":false},"author":1,"featured_media":0,"parent":0,"menu_order":0,"comment_status":"closed","ping_status":"closed","template":"","meta":{"footnotes":""},"class_list":["post-1248","page","type-page","status-publish","hentry"],"_links":{"self":[{"href":"https:\/\/www.rectoralareas.com\/gl\/wp-json\/wp\/v2\/pages\/1248"}],"collection":[{"href":"https:\/\/www.rectoralareas.com\/gl\/wp-json\/wp\/v2\/pages"}],"about":[{"href":"https:\/\/www.rectoralareas.com\/gl\/wp-json\/wp\/v2\/types\/page"}],"author":[{"embeddable":true,"href":"https:\/\/www.rectoralareas.com\/gl\/wp-json\/wp\/v2\/users\/1"}],"replies":[{"embeddable":true,"href":"https:\/\/www.rectoralareas.com\/gl\/wp-json\/wp\/v2\/comments?post=1248"}],"version-history":[{"count":10,"href":"https:\/\/www.rectoralareas.com\/gl\/wp-json\/wp\/v2\/pages\/1248\/revisions"}],"predecessor-version":[{"id":1277,"href":"https:\/\/www.rectoralareas.com\/gl\/wp-json\/wp\/v2\/pages\/1248\/revisions\/1277"}],"wp:attachment":[{"href":"https:\/\/www.rectoralareas.com\/gl\/wp-json\/wp\/v2\/media?parent=1248"}],"curies":[{"name":"wp","href":"https:\/\/api.w.org\/{rel}","templated":true}]}}